{"id":1896,"date":"2021-04-15T18:18:50","date_gmt":"2021-04-15T16:18:50","guid":{"rendered":"https:\/\/www.reslaresidence.sk\/?page_id=1896"},"modified":"2021-04-15T18:31:54","modified_gmt":"2021-04-15T16:31:54","slug":"surroundings","status":"publish","type":"page","link":"https:\/\/www.reslaresidence.sk\/en\/surroundings\/","title":{"rendered":"Surroundings"},"content":{"rendered":"\t\t<div data-elementor-type=\"wp-page\" data-elementor-id=\"1896\" class=\"elementor elementor-1896 elementor-62\" data-elementor-post-type=\"page\">\n\t\t\t\t\t\t<section class=\"elementor-section elementor-top-section elementor-element elementor-element-30434d8 elementor-section-boxed elementor-section-height-default elementor-section-height-default\" data-id=\"30434d8\" data-element_type=\"section\" data-e-type=\"section\" data-settings=\"{&quot;background_background&quot;:&quot;classic&quot;}\">\n\t\t\t\t\t\t<div class=\"elementor-container elementor-column-gap-default\">\n\t\t\t\t\t<div class=\"elementor-column elementor-col-100 elementor-top-column elementor-element elementor-element-3b975ec\" data-id=\"3b975ec\" data-element_type=\"column\" data-e-type=\"column\">\n\t\t\t<div class=\"elementor-widget-wrap elementor-element-populated\">\n\t\t\t\t\t\t<div class=\"elementor-element elementor-element-9a3cdfe elementor-widget elementor-widget-heading\" data-id=\"9a3cdfe\" data-element_type=\"widget\" data-e-type=\"widget\" data-widget_type=\"heading.default\">\n\t\t\t\t<div class=\"elementor-widget-container\">\n\t\t\t\t\t<h1 class=\"elementor-heading-title elementor-size-default\">Bansk\u00e1 \u0160tiavnica and surroundings<\/h1>\t\t\t\t<\/div>\n\t\t\t\t<\/div>\n\t\t\t\t<section class=\"elementor-section elementor-inner-section elementor-element elementor-element-8538ec6 elementor-section-boxed elementor-section-height-default elementor-section-height-default\" data-id=\"8538ec6\" data-element_type=\"section\" data-e-type=\"section\">\n\t\t\t\t\t\t<div class=\"elementor-container elementor-column-gap-default\">\n\t\t\t\t\t<div class=\"elementor-column elementor-col-50 elementor-inner-column elementor-element elementor-element-978eeb3\" data-id=\"978eeb3\" data-element_type=\"column\" data-e-type=\"column\">\n\t\t\t<div class=\"elementor-widget-wrap elementor-element-populated\">\n\t\t\t\t\t\t<div class=\"elementor-element elementor-element-8a5bdf0 elementor-widget elementor-widget-text-editor\" data-id=\"8a5bdf0\" data-element_type=\"widget\" data-e-type=\"widget\" data-widget_type=\"text-editor.default\">\n\t\t\t\t<div class=\"elementor-widget-container\">\n\t\t\t\t\t\t\t\t\t<p>In the close distance of the Resla Residence\u00a0 you will find many natural monuments and sightseeing spots:<\/p>\t\t\t\t\t\t\t\t<\/div>\n\t\t\t\t<\/div>\n\t\t\t\t<div class=\"elementor-element elementor-element-c0e43ce elementor-widget elementor-widget-text-editor\" data-id=\"c0e43ce\" data-element_type=\"widget\" data-e-type=\"widget\" data-widget_type=\"text-editor.default\">\n\t\t\t\t<div class=\"elementor-widget-container\">\n\t\t\t\t\t\t\t\t\t<ul><li><strong>\u0160tiavnica Mountains<\/strong><br \/>The \u0160tiavnica Mountains protected landscape area is located in the districts of Bansk\u00e1 \u0160tiavnica, \u017diar nad Hronom, \u017darnovica, Zvolen, Levice and Krupina.<\/li><li><strong>Sitno<\/strong><br \/>Sitno is the highest peak of the \u0160tiavnica Mountains and represents a significant landscape feature. From its top is a wide circular view. Steep rock walls made of andesite protect the top from three sides.<\/li><li><strong>Botanic Garden<\/strong><br \/>The 3.5-hectare garden was planted between 1838 and 1861 by the university professors, especially R. Feistmantel, K. Wagner, F. Ill\u00e9s, \u013d. Black, E. Vadas.<\/li><li><strong>Stone Sea in Vyhne<\/strong><br \/>Nature reserve on the slope of Kamenn\u00e1 above the village Vyhne. The reason for protection is the largest stone sea of \u200b\u200bCarpathian volcanics in Slovakia, created by the disintegration of the rhyolite stream at very low temperatures.<\/li><li><strong>Arboretum Kysih\u00fdbel<\/strong><br \/>It was founded in 1900 by an assistant at the Mining and Forestry Academy J.Tu\u017eo\u0148 on the area of \u200b\u200b7.73 ha. The arboretum is divided into 350 areas measuring 15&#215;15 m with 282 species of trees, mainly from North America, planted in this area.<\/li><\/ul><p>\u00a0<\/p><p>You can also visit many from our architectural monuments:<\/p><ul><li><strong>St. Trinity Square and the sculpture of St. Trinity<\/strong><br \/>The square was formed at the beginning of the 16th century and forms the core of the city. An important role in its formation was played by the town hall building and the church of St. Catherine.<\/li><li><strong>Historic Town Hall<\/strong><br \/>Originally a single-storey Gothic house from the 14th century, in which the town council met, was rebuilt in 1488 into a two-storey building. At the beginning of the 16th century, the chapel of St. Anna, which was demolished in the 18th century and a statue of the Virgin Mary was built in its place.<\/li><li><strong>Kammerhof<\/strong><br \/>Kammerhof is one of the largest building complexes in the city. It was built in the middle of the 16th Century.<\/li><li><strong>Old Castle<\/strong><br \/>At the beginning of the 13th century, a three-nave Romanesque basilica was built on the promontory of the Paradajz Hill. In the 15th century, this church of the Virgin Mary with the adjacent cemetery was surrounded by a wall. In the 1640s, it was rebuilt into an anti-turkish fortress.<\/li><li><strong>Knocking Tower Klopa\u010dka<\/strong><br \/>It is a two-storey tower-like Renaissance-Baroque building from 1681. In the Klopa\u010dka tower, there is a device that knocked the miners&#8217; time to start mining.<\/li><li><strong>Church of St. Catherine<\/strong><br \/>Late Gothic Church of St. Catherine was built in the years 1443 &#8211; 1491. It has one nave vaulted with a star vault.<\/li><li><strong>Evangelic Church<\/strong><br \/>The church was built in 1794 &#8211; 1796 home builder F. Siv\u00e1k according to the project of the Viennese architect J. Tallher. It does not have a tower, it is located in a street area.<\/li><li><strong>Church of the Assumption of the Blessed Virgin Mary<\/strong><br \/>Originally a three-nave Romanesque basilica from the 1930s, it underwent several building modifications.<\/li><li><strong>New Castle<\/strong><br \/>Upon arrival in Bansk\u00e1 \u0160tiavnica, visitors are attracted by one of the most beautiful landmarks of the town, New Castle.<\/li><li><strong>Piarg Gate<\/strong><br \/>Renaissance one-storey building, which was modified in the Baroque style in the 18th century. It was built in 1554 as part of the city wall system, which consisted of a double wreath of fortifications.<\/li><li><strong>Objects of the Mining Academy<\/strong><br \/>The Mining Academy was founded by a decision of Queen Maria Theresa in 1762 and began its activities in 1764. It was the first school of its kind in the world and operated in Bansk\u00e1 \u0160tiavnica until 1919.<\/li><li><strong>Calvary<\/strong><br \/>The complex of sacral buildings sensitively placed in the natural environment forms a unique example of the harmony of nature and human ingenuity.<\/li><\/ul>\t\t\t\t\t\t\t\t<\/div>\n\t\t\t\t<\/div>\n\t\t\t\t\t<\/div>\n\t\t<\/div>\n\t\t\t\t<div class=\"elementor-column elementor-col-50 elementor-inner-column elementor-element elementor-element-3953705\" data-id=\"3953705\" data-element_type=\"column\" data-e-type=\"column\">\n\t\t\t<div class=\"elementor-widget-wrap elementor-element-populated\">\n\t\t\t\t\t\t<div class=\"elementor-element elementor-element-7181aaa elementor-widget elementor-widget-image\" data-id=\"7181aaa\" data-element_type=\"widget\" data-e-type=\"widget\" data-widget_type=\"image.default\">\n\t\t\t\t<div class=\"elementor-widget-container\">\n\t\t\t\t\t\t\t\t\t\t\t\t\t\t\t<img fetchpriority=\"high\" decoding=\"async\" width=\"686\" height=\"1024\" src=\"https:\/\/www.reslaresidence.sk\/wp-content\/uploads\/2020\/08\/shutterstock_64733968-686x1024.jpg\" class=\"attachment-large size-large wp-image-1900\" alt=\"\" srcset=\"https:\/\/www.reslaresidence.sk\/wp-content\/uploads\/2020\/08\/shutterstock_64733968-686x1024.jpg 686w, https:\/\/www.reslaresidence.sk\/wp-content\/uploads\/2020\/08\/shutterstock_64733968-201x300.jpg 201w, https:\/\/www.reslaresidence.sk\/wp-content\/uploads\/2020\/08\/shutterstock_64733968-768x1146.jpg 768w, https:\/\/www.reslaresidence.sk\/wp-content\/uploads\/2020\/08\/shutterstock_64733968-1030x1536.jpg 1030w, https:\/\/www.reslaresidence.sk\/wp-content\/uploads\/2020\/08\/shutterstock_64733968-1373x2048.jpg 1373w, https:\/\/www.reslaresidence.sk\/wp-content\/uploads\/2020\/08\/shutterstock_64733968-scaled.jpg 1716w\" sizes=\"(max-width: 686px) 100vw, 686px\" \/>\t\t\t\t\t\t\t\t\t\t\t\t\t\t\t<\/div>\n\t\t\t\t<\/div>\n\t\t\t\t<div class=\"elementor-element elementor-element-4657268 elementor-widget elementor-widget-image\" data-id=\"4657268\" data-element_type=\"widget\" data-e-type=\"widget\" data-widget_type=\"image.default\">\n\t\t\t\t<div class=\"elementor-widget-container\">\n\t\t\t\t\t\t\t\t\t\t\t\t\t\t\t<img decoding=\"async\" width=\"800\" height=\"595\" src=\"https:\/\/www.reslaresidence.sk\/wp-content\/uploads\/2020\/08\/shutterstock_533181766-1024x762.jpg\" class=\"attachment-large size-large wp-image-1901\" alt=\"\" srcset=\"https:\/\/www.reslaresidence.sk\/wp-content\/uploads\/2020\/08\/shutterstock_533181766-1024x762.jpg 1024w, https:\/\/www.reslaresidence.sk\/wp-content\/uploads\/2020\/08\/shutterstock_533181766-300x223.jpg 300w, https:\/\/www.reslaresidence.sk\/wp-content\/uploads\/2020\/08\/shutterstock_533181766-768x571.jpg 768w, https:\/\/www.reslaresidence.sk\/wp-content\/uploads\/2020\/08\/shutterstock_533181766-1536x1143.jpg 1536w, https:\/\/www.reslaresidence.sk\/wp-content\/uploads\/2020\/08\/shutterstock_533181766-2048x1523.jpg 2048w\" sizes=\"(max-width: 800px) 100vw, 800px\" \/>\t\t\t\t\t\t\t\t\t\t\t\t\t\t\t<\/div>\n\t\t\t\t<\/div>\n\t\t\t\t<div class=\"elementor-element elementor-element-1d5f789 elementor-widget elementor-widget-image\" data-id=\"1d5f789\" data-element_type=\"widget\" data-e-type=\"widget\" data-widget_type=\"image.default\">\n\t\t\t\t<div class=\"elementor-widget-container\">\n\t\t\t\t\t\t\t\t\t\t\t\t\t\t\t<img decoding=\"async\" width=\"800\" height=\"534\" src=\"https:\/\/www.reslaresidence.sk\/wp-content\/uploads\/2020\/08\/shutterstock_211325521-1-1024x683.jpg\" class=\"attachment-large size-large wp-image-1902\" alt=\"\" srcset=\"https:\/\/www.reslaresidence.sk\/wp-content\/uploads\/2020\/08\/shutterstock_211325521-1-1024x683.jpg 1024w, https:\/\/www.reslaresidence.sk\/wp-content\/uploads\/2020\/08\/shutterstock_211325521-1-300x200.jpg 300w, https:\/\/www.reslaresidence.sk\/wp-content\/uploads\/2020\/08\/shutterstock_211325521-1-768x512.jpg 768w, https:\/\/www.reslaresidence.sk\/wp-content\/uploads\/2020\/08\/shutterstock_211325521-1-1536x1025.jpg 1536w, https:\/\/www.reslaresidence.sk\/wp-content\/uploads\/2020\/08\/shutterstock_211325521-1-2048x1366.jpg 2048w\" sizes=\"(max-width: 800px) 100vw, 800px\" \/>\t\t\t\t\t\t\t\t\t\t\t\t\t\t\t<\/div>\n\t\t\t\t<\/div>\n\t\t\t\t\t<\/div>\n\t\t<\/div>\n\t\t\t\t\t<\/div>\n\t\t<\/section>\n\t\t\t\t\t<\/div>\n\t\t<\/div>\n\t\t\t\t\t<\/div>\n\t\t<\/section>\n\t\t\t\t<\/div>\n\t\t","protected":false},"excerpt":{"rendered":"<p>Bansk\u00e1 \u0160tiavnica and surroundings In the close distance of the Resla Residence\u00a0 you will find many natural monuments and sightseeing spots: \u0160tiavnica MountainsThe \u0160tiavnica Mountains protected landscape area is located in the districts of Bansk\u00e1 \u0160tiavnica, \u017diar nad Hronom, \u017darnovica, Zvolen, Levice and Krupina. SitnoSitno is the highest peak of the \u0160tiavnica Mountains and represents [&hellip;]<\/p>\n","protected":false},"author":2,"featured_media":0,"parent":0,"menu_order":0,"comment_status":"closed","ping_status":"closed","template":"","meta":{"footnotes":""},"class_list":["post-1896","page","type-page","status-publish","hentry"],"yoast_head":"<!-- This site is optimized with the Yoast SEO plugin v27.4 - https:\/\/yoast.com\/product\/yoast-seo-wordpress\/ -->\n<title>Surroundings - Resla Residence<\/title>\n<meta name=\"robots\" content=\"index, follow, max-snippet:-1, max-image-preview:large, max-video-preview:-1\" \/>\n<link rel=\"canonical\" href=\"https:\/\/www.reslaresidence.sk\/en\/surroundings\/\" \/>\n<meta property=\"og:locale\" content=\"en_US\" \/>\n<meta property=\"og:type\" content=\"article\" \/>\n<meta property=\"og:title\" content=\"Surroundings - Resla Residence\" \/>\n<meta property=\"og:description\" content=\"Bansk\u00e1 \u0160tiavnica and surroundings In the close distance of the Resla Residence\u00a0 you will find many natural monuments and sightseeing spots: \u0160tiavnica MountainsThe \u0160tiavnica Mountains protected landscape area is located in the districts of Bansk\u00e1 \u0160tiavnica, \u017diar nad Hronom, \u017darnovica, Zvolen, Levice and Krupina. SitnoSitno is the highest peak of the \u0160tiavnica Mountains and represents [&hellip;]\" \/>\n<meta property=\"og:url\" content=\"https:\/\/www.reslaresidence.sk\/en\/surroundings\/\" \/>\n<meta property=\"og:site_name\" content=\"Resla Residence\" \/>\n<meta property=\"article:modified_time\" content=\"2021-04-15T16:31:54+00:00\" \/>\n<meta property=\"og:image\" content=\"https:\/\/www.reslaresidence.sk\/wp-content\/uploads\/2020\/08\/shutterstock_64733968-686x1024.jpg\" \/>\n<meta name=\"twitter:card\" content=\"summary_large_image\" \/>\n<meta name=\"twitter:label1\" content=\"Est. reading time\" \/>\n\t<meta name=\"twitter:data1\" content=\"4 minutes\" \/>\n<script type=\"application\/ld+json\" class=\"yoast-schema-graph\">{\"@context\":\"https:\\\/\\\/schema.org\",\"@graph\":[{\"@type\":\"WebPage\",\"@id\":\"https:\\\/\\\/www.reslaresidence.sk\\\/en\\\/surroundings\\\/\",\"url\":\"https:\\\/\\\/www.reslaresidence.sk\\\/en\\\/surroundings\\\/\",\"name\":\"Surroundings - Resla Residence\",\"isPartOf\":{\"@id\":\"https:\\\/\\\/www.reslaresidence.sk\\\/en\\\/#website\"},\"primaryImageOfPage\":{\"@id\":\"https:\\\/\\\/www.reslaresidence.sk\\\/en\\\/surroundings\\\/#primaryimage\"},\"image\":{\"@id\":\"https:\\\/\\\/www.reslaresidence.sk\\\/en\\\/surroundings\\\/#primaryimage\"},\"thumbnailUrl\":\"https:\\\/\\\/www.reslaresidence.sk\\\/wp-content\\\/uploads\\\/2020\\\/08\\\/shutterstock_64733968-686x1024.jpg\",\"datePublished\":\"2021-04-15T16:18:50+00:00\",\"dateModified\":\"2021-04-15T16:31:54+00:00\",\"breadcrumb\":{\"@id\":\"https:\\\/\\\/www.reslaresidence.sk\\\/en\\\/surroundings\\\/#breadcrumb\"},\"inLanguage\":\"en-US\",\"potentialAction\":[{\"@type\":\"ReadAction\",\"target\":[\"https:\\\/\\\/www.reslaresidence.sk\\\/en\\\/surroundings\\\/\"]}]},{\"@type\":\"ImageObject\",\"inLanguage\":\"en-US\",\"@id\":\"https:\\\/\\\/www.reslaresidence.sk\\\/en\\\/surroundings\\\/#primaryimage\",\"url\":\"https:\\\/\\\/www.reslaresidence.sk\\\/wp-content\\\/uploads\\\/2020\\\/08\\\/shutterstock_64733968-686x1024.jpg\",\"contentUrl\":\"https:\\\/\\\/www.reslaresidence.sk\\\/wp-content\\\/uploads\\\/2020\\\/08\\\/shutterstock_64733968-686x1024.jpg\"},{\"@type\":\"BreadcrumbList\",\"@id\":\"https:\\\/\\\/www.reslaresidence.sk\\\/en\\\/surroundings\\\/#breadcrumb\",\"itemListElement\":[{\"@type\":\"ListItem\",\"position\":1,\"name\":\"Domovsk\u00e1 str\u00e1nka\",\"item\":\"https:\\\/\\\/www.reslaresidence.sk\\\/en\\\/\"},{\"@type\":\"ListItem\",\"position\":2,\"name\":\"Surroundings\"}]},{\"@type\":\"WebSite\",\"@id\":\"https:\\\/\\\/www.reslaresidence.sk\\\/en\\\/#website\",\"url\":\"https:\\\/\\\/www.reslaresidence.sk\\\/en\\\/\",\"name\":\"Resla Residence\",\"description\":\"Resla Residence Bansk\u00e1 \u0160tiavnica\",\"potentialAction\":[{\"@type\":\"SearchAction\",\"target\":{\"@type\":\"EntryPoint\",\"urlTemplate\":\"https:\\\/\\\/www.reslaresidence.sk\\\/en\\\/?s={search_term_string}\"},\"query-input\":{\"@type\":\"PropertyValueSpecification\",\"valueRequired\":true,\"valueName\":\"search_term_string\"}}],\"inLanguage\":\"en-US\"}]}<\/script>\n<!-- \/ Yoast SEO plugin. -->","yoast_head_json":{"title":"Surroundings - Resla Residence","robots":{"index":"index","follow":"follow","max-snippet":"max-snippet:-1","max-image-preview":"max-image-preview:large","max-video-preview":"max-video-preview:-1"},"canonical":"https:\/\/www.reslaresidence.sk\/en\/surroundings\/","og_locale":"en_US","og_type":"article","og_title":"Surroundings - Resla Residence","og_description":"Bansk\u00e1 \u0160tiavnica and surroundings In the close distance of the Resla Residence\u00a0 you will find many natural monuments and sightseeing spots: \u0160tiavnica MountainsThe \u0160tiavnica Mountains protected landscape area is located in the districts of Bansk\u00e1 \u0160tiavnica, \u017diar nad Hronom, \u017darnovica, Zvolen, Levice and Krupina. SitnoSitno is the highest peak of the \u0160tiavnica Mountains and represents [&hellip;]","og_url":"https:\/\/www.reslaresidence.sk\/en\/surroundings\/","og_site_name":"Resla Residence","article_modified_time":"2021-04-15T16:31:54+00:00","og_image":[{"url":"https:\/\/www.reslaresidence.sk\/wp-content\/uploads\/2020\/08\/shutterstock_64733968-686x1024.jpg","type":"","width":"","height":""}],"twitter_card":"summary_large_image","twitter_misc":{"Est. reading time":"4 minutes"},"schema":{"@context":"https:\/\/schema.org","@graph":[{"@type":"WebPage","@id":"https:\/\/www.reslaresidence.sk\/en\/surroundings\/","url":"https:\/\/www.reslaresidence.sk\/en\/surroundings\/","name":"Surroundings - Resla Residence","isPartOf":{"@id":"https:\/\/www.reslaresidence.sk\/en\/#website"},"primaryImageOfPage":{"@id":"https:\/\/www.reslaresidence.sk\/en\/surroundings\/#primaryimage"},"image":{"@id":"https:\/\/www.reslaresidence.sk\/en\/surroundings\/#primaryimage"},"thumbnailUrl":"https:\/\/www.reslaresidence.sk\/wp-content\/uploads\/2020\/08\/shutterstock_64733968-686x1024.jpg","datePublished":"2021-04-15T16:18:50+00:00","dateModified":"2021-04-15T16:31:54+00:00","breadcrumb":{"@id":"https:\/\/www.reslaresidence.sk\/en\/surroundings\/#breadcrumb"},"inLanguage":"en-US","potentialAction":[{"@type":"ReadAction","target":["https:\/\/www.reslaresidence.sk\/en\/surroundings\/"]}]},{"@type":"ImageObject","inLanguage":"en-US","@id":"https:\/\/www.reslaresidence.sk\/en\/surroundings\/#primaryimage","url":"https:\/\/www.reslaresidence.sk\/wp-content\/uploads\/2020\/08\/shutterstock_64733968-686x1024.jpg","contentUrl":"https:\/\/www.reslaresidence.sk\/wp-content\/uploads\/2020\/08\/shutterstock_64733968-686x1024.jpg"},{"@type":"BreadcrumbList","@id":"https:\/\/www.reslaresidence.sk\/en\/surroundings\/#breadcrumb","itemListElement":[{"@type":"ListItem","position":1,"name":"Domovsk\u00e1 str\u00e1nka","item":"https:\/\/www.reslaresidence.sk\/en\/"},{"@type":"ListItem","position":2,"name":"Surroundings"}]},{"@type":"WebSite","@id":"https:\/\/www.reslaresidence.sk\/en\/#website","url":"https:\/\/www.reslaresidence.sk\/en\/","name":"Resla Residence","description":"Resla Residence Bansk\u00e1 \u0160tiavnica","potentialAction":[{"@type":"SearchAction","target":{"@type":"EntryPoint","urlTemplate":"https:\/\/www.reslaresidence.sk\/en\/?s={search_term_string}"},"query-input":{"@type":"PropertyValueSpecification","valueRequired":true,"valueName":"search_term_string"}}],"inLanguage":"en-US"}]}},"_links":{"self":[{"href":"https:\/\/www.reslaresidence.sk\/en\/wp-json\/wp\/v2\/pages\/1896","targetHints":{"allow":["GET"]}}],"collection":[{"href":"https:\/\/www.reslaresidence.sk\/en\/wp-json\/wp\/v2\/pages"}],"about":[{"href":"https:\/\/www.reslaresidence.sk\/en\/wp-json\/wp\/v2\/types\/page"}],"author":[{"embeddable":true,"href":"https:\/\/www.reslaresidence.sk\/en\/wp-json\/wp\/v2\/users\/2"}],"replies":[{"embeddable":true,"href":"https:\/\/www.reslaresidence.sk\/en\/wp-json\/wp\/v2\/comments?post=1896"}],"version-history":[{"count":0,"href":"https:\/\/www.reslaresidence.sk\/en\/wp-json\/wp\/v2\/pages\/1896\/revisions"}],"wp:attachment":[{"href":"https:\/\/www.reslaresidence.sk\/en\/wp-json\/wp\/v2\/media?parent=1896"}],"curies":[{"name":"wp","href":"https:\/\/api.w.org\/{rel}","templated":true}]}}